{"id":4,"date":"2014-12-07T11:36:22","date_gmt":"2014-12-07T11:36:22","guid":{"rendered":"http:\/\/de.fundacion-delfino.org\/?page_id=4"},"modified":"2014-12-07T11:56:43","modified_gmt":"2014-12-07T11:56:43","slug":"ueber-uns","status":"publish","type":"page","link":"https:\/\/de.fundacion-delfino.org\/","title":{"rendered":"\u00dcber uns"},"content":{"rendered":"<p><a href=\"https:\/\/de.fundacion-delfino.org\/wp-content\/uploads\/2014\/12\/logodelfino.png\"><img loading=\"lazy\" decoding=\"async\" class=\"alignnone size-medium wp-image-16\" src=\"https:\/\/de.fundacion-delfino.org\/wp-content\/uploads\/2014\/12\/logodelfino-300x238.png\" alt=\"logodelfino\" width=\"300\" height=\"238\" srcset=\"https:\/\/de.fundacion-delfino.org\/wp-content\/uploads\/2014\/12\/logodelfino-300x238.png 300w, https:\/\/de.fundacion-delfino.org\/wp-content\/uploads\/2014\/12\/logodelfino.png 455w\" sizes=\"auto, (max-width: 300px) 100vw, 300px\" \/><\/a><\/p>\n<p>Die Fundaci\u00f3n Delfino del Angel Melo ist ein gemeinn\u00fctziger Verein, der von drei seit vielen Jahren in Mexiko lebenden deutschen Frauen zusammen mit drei MexikanerInnen in der mexikanischen Hauptstadt ins Leben gerufen wurde, mit dem Ziel, Unterst\u00fctzung f\u00fcr indigene Gruppen und Personen mit Behinderung zu bieten. Grundsatz der Fundaci\u00f3n ist dabei stets, Hilfe zur Selbsthilfe zu leisten.<\/p>\n<p>Der Name des Vereins gilt dem Gedenken an den verstorbenen Delfino del Angel Melo, der trotz seiner eigenen schweren Behinderung durch eine progressive \u2013 schlie\u00dflich totale \u2013 L\u00e4hmung als Folge eines nicht behandelten Unfalls in jungen Jahren, sich nie davon abbringen lie\u00df, f\u00fcr eine Verbesserung der Lebensumst\u00e4nde seiner Leidensgenossen in einem trostlosen Heim f\u00fcr mittellose Behinderte zu k\u00e4mpfen.<\/p>\n","protected":false},"excerpt":{"rendered":"<p>Die Fundaci\u00f3n Delfino del Angel Melo ist ein gemeinn\u00fctziger Verein, der von drei seit vielen Jahren in Mexiko lebenden deutschen Frauen zusammen mit drei MexikanerInnen in der mexikanischen Hauptstadt ins Leben gerufen wurde, mit dem Ziel, Unterst\u00fctzung f\u00fcr indigene Gruppen und Personen mit Behinderung zu bieten. Grundsatz der Fundaci\u00f3n ist dabei stets, Hilfe zur Selbsthilfe [&hellip;]<\/p>\n","protected":false},"author":1,"featured_media":0,"parent":0,"menu_order":0,"comment_status":"open","ping_status":"closed","template":"page-templates\/front-page.php","meta":{"footnotes":""},"class_list":["post-4","page","type-page","status-publish","hentry"],"_links":{"self":[{"href":"https:\/\/de.fundacion-delfino.org\/index.php?rest_route=\/wp\/v2\/pages\/4","targetHints":{"allow":["GET"]}}],"collection":[{"href":"https:\/\/de.fundacion-delfino.org\/index.php?rest_route=\/wp\/v2\/pages"}],"about":[{"href":"https:\/\/de.fundacion-delfino.org\/index.php?rest_route=\/wp\/v2\/types\/page"}],"author":[{"embeddable":true,"href":"https:\/\/de.fundacion-delfino.org\/index.php?rest_route=\/wp\/v2\/users\/1"}],"replies":[{"embeddable":true,"href":"https:\/\/de.fundacion-delfino.org\/index.php?rest_route=%2Fwp%2Fv2%2Fcomments&post=4"}],"version-history":[{"count":2,"href":"https:\/\/de.fundacion-delfino.org\/index.php?rest_route=\/wp\/v2\/pages\/4\/revisions"}],"predecessor-version":[{"id":17,"href":"https:\/\/de.fundacion-delfino.org\/index.php?rest_route=\/wp\/v2\/pages\/4\/revisions\/17"}],"wp:attachment":[{"href":"https:\/\/de.fundacion-delfino.org\/index.php?rest_route=%2Fwp%2Fv2%2Fmedia&parent=4"}],"curies":[{"name":"wp","href":"https:\/\/api.w.org\/{rel}","templated":true}]}}